{"id":139,"date":"2023-04-27T09:35:38","date_gmt":"2023-04-27T07:35:38","guid":{"rendered":"https:\/\/www.mamaisonroule.fr\/?page_id=139"},"modified":"2025-09-17T13:19:40","modified_gmt":"2025-09-17T11:19:40","slug":"pourquoi","status":"publish","type":"page","link":"https:\/\/www.mamaisonroule.fr\/index.php\/pourquoi\/","title":{"rendered":"Pourquoi j&rsquo;ai choisi cette activit\u00e9"},"content":{"rendered":"\n<h2 class=\"wp-block-heading\">Habiter des unit\u00e9s plus petites, plus faciles \u00e0 chauffer, \u00e0 entretenir : une r\u00e9ponse aux probl\u00e8mes de \u00ab\u00a0fin du monde\u00a0\u00bb et de \u00ab\u00a0fin de mois\u00a0\u00bb. Voil\u00e0 le sens que je trouve \u00e0 cette activit\u00e9.<br>Comme de nombreux artisans passionn\u00e9s, Ma Maison Roule prouve qu&rsquo;on peut profiter d&rsquo;une \u00ab\u00a0vie de ch\u00e2teau\u00a0\u00bb dans une mini-maison. Pour cela il faut concevoir finement l&rsquo;espace, jouer avec les perceptions: c&rsquo;est le plus passionnant !<\/h2>\n\n\n\n<figure class=\"wp-block-image size-large is-resized\"><a href=\"https:\/\/www.mamaisonroule.fr\/index.php\/realisations\/\"><img loading=\"lazy\" decoding=\"async\" width=\"1024\" height=\"576\" src=\"https:\/\/www.mamaisonroule.fr\/wp-content\/uploads\/2024\/02\/IMG_20230924_190804-1024x576.jpg\" alt=\"\" class=\"wp-image-789\" style=\"width:660px\" srcset=\"https:\/\/www.mamaisonroule.fr\/wp-content\/uploads\/2024\/02\/IMG_20230924_190804-1024x576.jpg 1024w, https:\/\/www.mamaisonroule.fr\/wp-content\/uploads\/2024\/02\/IMG_20230924_190804-300x169.jpg 300w, https:\/\/www.mamaisonroule.fr\/wp-content\/uploads\/2024\/02\/IMG_20230924_190804-768x432.jpg 768w, https:\/\/www.mamaisonroule.fr\/wp-content\/uploads\/2024\/02\/IMG_20230924_190804-1536x864.jpg 1536w, https:\/\/www.mamaisonroule.fr\/wp-content\/uploads\/2024\/02\/IMG_20230924_190804-2048x1153.jpg 2048w\" sizes=\"auto, (max-width: 706px) 89vw, (max-width: 767px) 82vw, 740px\" \/><\/a><\/figure>\n","protected":false},"excerpt":{"rendered":"<p>Habiter des unit\u00e9s plus petites, plus faciles \u00e0 chauffer, \u00e0 entretenir : une r\u00e9ponse aux probl\u00e8mes de \u00ab\u00a0fin du monde\u00a0\u00bb et de \u00ab\u00a0fin de mois\u00a0\u00bb. Voil\u00e0 le sens que je trouve \u00e0 cette activit\u00e9.Comme de nombreux artisans passionn\u00e9s, Ma Maison Roule prouve qu&rsquo;on peut profiter d&rsquo;une \u00ab\u00a0vie de ch\u00e2teau\u00a0\u00bb dans une mini-maison. Pour cela il &hellip; <\/p>\n<p class=\"link-more\"><a href=\"https:\/\/www.mamaisonroule.fr\/index.php\/pourquoi\/\" class=\"more-link\">Continuer la lecture<span class=\"screen-reader-text\"> de &laquo;&nbsp;Pourquoi j&rsquo;ai choisi cette activit\u00e9&nbsp;&raquo;<\/span><\/a><\/p>\n","protected":false},"author":1,"featured_media":0,"parent":0,"menu_order":0,"comment_status":"closed","ping_status":"closed","template":"","meta":{"footnotes":""},"class_list":["post-139","page","type-page","status-publish","hentry"],"_links":{"self":[{"href":"https:\/\/www.mamaisonroule.fr\/index.php\/wp-json\/wp\/v2\/pages\/139","targetHints":{"allow":["GET"]}}],"collection":[{"href":"https:\/\/www.mamaisonroule.fr\/index.php\/wp-json\/wp\/v2\/pages"}],"about":[{"href":"https:\/\/www.mamaisonroule.fr\/index.php\/wp-json\/wp\/v2\/types\/page"}],"author":[{"embeddable":true,"href":"https:\/\/www.mamaisonroule.fr\/index.php\/wp-json\/wp\/v2\/users\/1"}],"replies":[{"embeddable":true,"href":"https:\/\/www.mamaisonroule.fr\/index.php\/wp-json\/wp\/v2\/comments?post=139"}],"version-history":[{"count":20,"href":"https:\/\/www.mamaisonroule.fr\/index.php\/wp-json\/wp\/v2\/pages\/139\/revisions"}],"predecessor-version":[{"id":999,"href":"https:\/\/www.mamaisonroule.fr\/index.php\/wp-json\/wp\/v2\/pages\/139\/revisions\/999"}],"wp:attachment":[{"href":"https:\/\/www.mamaisonroule.fr\/index.php\/wp-json\/wp\/v2\/media?parent=139"}],"curies":[{"name":"wp","href":"https:\/\/api.w.org\/{rel}","templated":true}]}}