{"id":180,"date":"2023-04-27T10:07:08","date_gmt":"2023-04-27T08:07:08","guid":{"rendered":"https:\/\/www.mamaisonroule.fr\/?page_id=180"},"modified":"2025-09-17T13:17:38","modified_gmt":"2025-09-17T11:17:38","slug":"bienvenue","status":"publish","type":"page","link":"https:\/\/www.mamaisonroule.fr\/","title":{"rendered":"Bienvenue"},"content":{"rendered":"\n<h2 class=\"wp-block-heading\">Ma Maison Roule con\u00e7oit pour vous et avec vous votre micro-habitat mobile ou d\u00e9pla\u00e7able. La r\u00e9alisation est assur\u00e9e dans notre atelier du sud-aveyron.<\/h2>\n\n\n\n<figure class=\"wp-block-image size-large is-resized\"><a href=\"https:\/\/www.mamaisonroule.fr\/index.php\/realisations\/\"><img loading=\"lazy\" decoding=\"async\" width=\"1024\" height=\"614\" src=\"https:\/\/www.mamaisonroule.fr\/wp-content\/uploads\/2024\/02\/transformation-VASP-amenagement-crafter-noir-01-1024x614.jpg\" alt=\"vue d'ensemble de l'atelier de Ma Maison Roule. Am\u00e9nagement de camping-cars et construction de roulottes.\" class=\"wp-image-765\" style=\"width:660px\" srcset=\"https:\/\/www.mamaisonroule.fr\/wp-content\/uploads\/2024\/02\/transformation-VASP-amenagement-crafter-noir-01-1024x614.jpg 1024w, https:\/\/www.mamaisonroule.fr\/wp-content\/uploads\/2024\/02\/transformation-VASP-amenagement-crafter-noir-01-300x180.jpg 300w, https:\/\/www.mamaisonroule.fr\/wp-content\/uploads\/2024\/02\/transformation-VASP-amenagement-crafter-noir-01-768x461.jpg 768w, https:\/\/www.mamaisonroule.fr\/wp-content\/uploads\/2024\/02\/transformation-VASP-amenagement-crafter-noir-01-1536x922.jpg 1536w, https:\/\/www.mamaisonroule.fr\/wp-content\/uploads\/2024\/02\/transformation-VASP-amenagement-crafter-noir-01.jpg 2000w\" sizes=\"auto, (max-width: 706px) 89vw, (max-width: 767px) 82vw, 740px\" \/><\/a><\/figure>\n","protected":false},"excerpt":{"rendered":"<p>Ma Maison Roule con\u00e7oit pour vous et avec vous votre micro-habitat mobile ou d\u00e9pla\u00e7able. La r\u00e9alisation est assur\u00e9e dans notre atelier du sud-aveyron.<\/p>\n","protected":false},"author":1,"featured_media":0,"parent":0,"menu_order":0,"comment_status":"closed","ping_status":"closed","template":"","meta":{"footnotes":""},"class_list":["post-180","page","type-page","status-publish","hentry"],"_links":{"self":[{"href":"https:\/\/www.mamaisonroule.fr\/index.php\/wp-json\/wp\/v2\/pages\/180","targetHints":{"allow":["GET"]}}],"collection":[{"href":"https:\/\/www.mamaisonroule.fr\/index.php\/wp-json\/wp\/v2\/pages"}],"about":[{"href":"https:\/\/www.mamaisonroule.fr\/index.php\/wp-json\/wp\/v2\/types\/page"}],"author":[{"embeddable":true,"href":"https:\/\/www.mamaisonroule.fr\/index.php\/wp-json\/wp\/v2\/users\/1"}],"replies":[{"embeddable":true,"href":"https:\/\/www.mamaisonroule.fr\/index.php\/wp-json\/wp\/v2\/comments?post=180"}],"version-history":[{"count":20,"href":"https:\/\/www.mamaisonroule.fr\/index.php\/wp-json\/wp\/v2\/pages\/180\/revisions"}],"predecessor-version":[{"id":1002,"href":"https:\/\/www.mamaisonroule.fr\/index.php\/wp-json\/wp\/v2\/pages\/180\/revisions\/1002"}],"wp:attachment":[{"href":"https:\/\/www.mamaisonroule.fr\/index.php\/wp-json\/wp\/v2\/media?parent=180"}],"curies":[{"name":"wp","href":"https:\/\/api.w.org\/{rel}","templated":true}]}}