{"id":223,"date":"2023-04-27T10:26:34","date_gmt":"2023-04-27T08:26:34","guid":{"rendered":"https:\/\/www.mamaisonroule.fr\/?page_id=223"},"modified":"2023-05-01T17:01:56","modified_gmt":"2023-05-01T15:01:56","slug":"administratif","status":"publish","type":"page","link":"https:\/\/www.mamaisonroule.fr\/index.php\/administratif\/","title":{"rendered":"Administratif"},"content":{"rendered":"\n<p><br>Ma Maison Roule se charge \u00e9galement de l&rsquo;homologation de votre fourgon am\u00e9nag\u00e9: certification gaz, dossier DREAL, obtention de la carte grise VASP.<br>Si vous optez pour une tiny et que vous faites une demande d&rsquo;autorisation pr\u00e9alable, je peux \u00e9galement vous aider pour la cr\u00e9ation des visuels du dossier.<\/p>\n","protected":false},"excerpt":{"rendered":"<p>Ma Maison Roule se charge \u00e9galement de l&rsquo;homologation de votre fourgon am\u00e9nag\u00e9: certification gaz, dossier DREAL, obtention de la carte grise VASP.Si vous optez pour une tiny et que vous faites une demande d&rsquo;autorisation pr\u00e9alable, je peux \u00e9galement vous aider pour la cr\u00e9ation des visuels du dossier.<\/p>\n","protected":false},"author":1,"featured_media":0,"parent":0,"menu_order":0,"comment_status":"closed","ping_status":"closed","template":"","meta":{"footnotes":""},"class_list":["post-223","page","type-page","status-publish","hentry"],"_links":{"self":[{"href":"https:\/\/www.mamaisonroule.fr\/index.php\/wp-json\/wp\/v2\/pages\/223","targetHints":{"allow":["GET"]}}],"collection":[{"href":"https:\/\/www.mamaisonroule.fr\/index.php\/wp-json\/wp\/v2\/pages"}],"about":[{"href":"https:\/\/www.mamaisonroule.fr\/index.php\/wp-json\/wp\/v2\/types\/page"}],"author":[{"embeddable":true,"href":"https:\/\/www.mamaisonroule.fr\/index.php\/wp-json\/wp\/v2\/users\/1"}],"replies":[{"embeddable":true,"href":"https:\/\/www.mamaisonroule.fr\/index.php\/wp-json\/wp\/v2\/comments?post=223"}],"version-history":[{"count":1,"href":"https:\/\/www.mamaisonroule.fr\/index.php\/wp-json\/wp\/v2\/pages\/223\/revisions"}],"predecessor-version":[{"id":224,"href":"https:\/\/www.mamaisonroule.fr\/index.php\/wp-json\/wp\/v2\/pages\/223\/revisions\/224"}],"wp:attachment":[{"href":"https:\/\/www.mamaisonroule.fr\/index.php\/wp-json\/wp\/v2\/media?parent=223"}],"curies":[{"name":"wp","href":"https:\/\/api.w.org\/{rel}","templated":true}]}}