{"id":274,"date":"2023-04-28T07:55:34","date_gmt":"2023-04-28T05:55:34","guid":{"rendered":"https:\/\/www.mamaisonroule.fr\/?page_id=274"},"modified":"2025-09-17T13:20:38","modified_gmt":"2025-09-17T11:20:38","slug":"vivre-dans-des-petits-espaces","status":"publish","type":"page","link":"https:\/\/www.mamaisonroule.fr\/index.php\/vivre-dans-des-petits-espaces\/","title":{"rendered":"Vivre dans un petit espace"},"content":{"rendered":"\n<h2 class=\"wp-block-heading\">Pendant ces ann\u00e9es de missions et de chantiers, j&rsquo;ai souvent v\u00e9cu en van am\u00e9nag\u00e9. J&rsquo;ai \u00e9prouv\u00e9 cet outil merveilleux, un excellent investissement surtout quand c&rsquo;est aussi son unique v\u00e9hicule.<br>Aujourd&rsquo;hui  je vis dans une sorte de tiny-house avec ma compagne. On se chauffe confortablement avec tr\u00e8s peu de bois.<\/h2>\n\n\n\n<figure class=\"wp-block-image size-large is-resized\"><a href=\"https:\/\/www.mamaisonroule.fr\/index.php\/realisations\/\"><img loading=\"lazy\" decoding=\"async\" width=\"1024\" height=\"585\" src=\"https:\/\/www.mamaisonroule.fr\/wp-content\/uploads\/2024\/02\/ma-maison-roule-tiny-house-grande-cuisine-en-U-depuis-lestrade-1024x585.png\" alt=\"\" class=\"wp-image-782\" style=\"width:660px\" srcset=\"https:\/\/www.mamaisonroule.fr\/wp-content\/uploads\/2024\/02\/ma-maison-roule-tiny-house-grande-cuisine-en-U-depuis-lestrade-1024x585.png 1024w, https:\/\/www.mamaisonroule.fr\/wp-content\/uploads\/2024\/02\/ma-maison-roule-tiny-house-grande-cuisine-en-U-depuis-lestrade-300x172.png 300w, https:\/\/www.mamaisonroule.fr\/wp-content\/uploads\/2024\/02\/ma-maison-roule-tiny-house-grande-cuisine-en-U-depuis-lestrade-768x439.png 768w, https:\/\/www.mamaisonroule.fr\/wp-content\/uploads\/2024\/02\/ma-maison-roule-tiny-house-grande-cuisine-en-U-depuis-lestrade-1536x878.png 1536w, https:\/\/www.mamaisonroule.fr\/wp-content\/uploads\/2024\/02\/ma-maison-roule-tiny-house-grande-cuisine-en-U-depuis-lestrade-2048x1171.png 2048w\" sizes=\"auto, (max-width: 706px) 89vw, (max-width: 767px) 82vw, 740px\" \/><\/a><\/figure>\n","protected":false},"excerpt":{"rendered":"<p>Pendant ces ann\u00e9es de missions et de chantiers, j&rsquo;ai souvent v\u00e9cu en van am\u00e9nag\u00e9. J&rsquo;ai \u00e9prouv\u00e9 cet outil merveilleux, un excellent investissement surtout quand c&rsquo;est aussi son unique v\u00e9hicule.Aujourd&rsquo;hui je vis dans une sorte de tiny-house avec ma compagne. On se chauffe confortablement avec tr\u00e8s peu de bois.<\/p>\n","protected":false},"author":1,"featured_media":0,"parent":0,"menu_order":0,"comment_status":"closed","ping_status":"closed","template":"","meta":{"footnotes":""},"class_list":["post-274","page","type-page","status-publish","hentry"],"_links":{"self":[{"href":"https:\/\/www.mamaisonroule.fr\/index.php\/wp-json\/wp\/v2\/pages\/274","targetHints":{"allow":["GET"]}}],"collection":[{"href":"https:\/\/www.mamaisonroule.fr\/index.php\/wp-json\/wp\/v2\/pages"}],"about":[{"href":"https:\/\/www.mamaisonroule.fr\/index.php\/wp-json\/wp\/v2\/types\/page"}],"author":[{"embeddable":true,"href":"https:\/\/www.mamaisonroule.fr\/index.php\/wp-json\/wp\/v2\/users\/1"}],"replies":[{"embeddable":true,"href":"https:\/\/www.mamaisonroule.fr\/index.php\/wp-json\/wp\/v2\/comments?post=274"}],"version-history":[{"count":7,"href":"https:\/\/www.mamaisonroule.fr\/index.php\/wp-json\/wp\/v2\/pages\/274\/revisions"}],"predecessor-version":[{"id":1001,"href":"https:\/\/www.mamaisonroule.fr\/index.php\/wp-json\/wp\/v2\/pages\/274\/revisions\/1001"}],"wp:attachment":[{"href":"https:\/\/www.mamaisonroule.fr\/index.php\/wp-json\/wp\/v2\/media?parent=274"}],"curies":[{"name":"wp","href":"https:\/\/api.w.org\/{rel}","templated":true}]}}