{"id":413,"date":"2023-05-01T17:02:14","date_gmt":"2023-05-01T15:02:14","guid":{"rendered":"https:\/\/www.mamaisonroule.fr\/?page_id=413"},"modified":"2025-09-17T13:17:18","modified_gmt":"2025-09-17T11:17:18","slug":"ce-que-lon-propose","status":"publish","type":"page","link":"https:\/\/www.mamaisonroule.fr\/index.php\/ce-que-lon-propose\/","title":{"rendered":"Ce que l&rsquo;on propose"},"content":{"rendered":"\n<h2 class=\"wp-block-heading\">Roulotte, module grutable ou camping-car : nous cr\u00e9ons des habitations facile d&rsquo;entretien et d&rsquo;utilisation, chaleureuses, dot\u00e9es d&rsquo;une certaine autonomie en eau et en \u00e9lectricit\u00e9. <\/h2>\n\n\n\n<figure class=\"wp-block-image size-large is-resized is-style-default\"><a href=\"https:\/\/www.mamaisonroule.fr\/index.php\/realisations\/\"><img loading=\"lazy\" decoding=\"async\" width=\"1024\" height=\"614\" src=\"https:\/\/www.mamaisonroule.fr\/wp-content\/uploads\/2024\/02\/roulotte-traditionnelle-bois-23-1024x614.jpg\" alt=\"\" class=\"wp-image-772\" style=\"width:660px\" srcset=\"https:\/\/www.mamaisonroule.fr\/wp-content\/uploads\/2024\/02\/roulotte-traditionnelle-bois-23-1024x614.jpg 1024w, https:\/\/www.mamaisonroule.fr\/wp-content\/uploads\/2024\/02\/roulotte-traditionnelle-bois-23-300x180.jpg 300w, https:\/\/www.mamaisonroule.fr\/wp-content\/uploads\/2024\/02\/roulotte-traditionnelle-bois-23-768x461.jpg 768w, https:\/\/www.mamaisonroule.fr\/wp-content\/uploads\/2024\/02\/roulotte-traditionnelle-bois-23-1536x922.jpg 1536w, https:\/\/www.mamaisonroule.fr\/wp-content\/uploads\/2024\/02\/roulotte-traditionnelle-bois-23.jpg 2000w\" sizes=\"auto, (max-width: 706px) 89vw, (max-width: 767px) 82vw, 740px\" \/><\/a><\/figure>\n","protected":false},"excerpt":{"rendered":"<p>Roulotte, module grutable ou camping-car : nous cr\u00e9ons des habitations facile d&rsquo;entretien et d&rsquo;utilisation, chaleureuses, dot\u00e9es d&rsquo;une certaine autonomie en eau et en \u00e9lectricit\u00e9.<\/p>\n","protected":false},"author":1,"featured_media":0,"parent":0,"menu_order":0,"comment_status":"closed","ping_status":"closed","template":"","meta":{"footnotes":""},"class_list":["post-413","page","type-page","status-publish","hentry"],"_links":{"self":[{"href":"https:\/\/www.mamaisonroule.fr\/index.php\/wp-json\/wp\/v2\/pages\/413","targetHints":{"allow":["GET"]}}],"collection":[{"href":"https:\/\/www.mamaisonroule.fr\/index.php\/wp-json\/wp\/v2\/pages"}],"about":[{"href":"https:\/\/www.mamaisonroule.fr\/index.php\/wp-json\/wp\/v2\/types\/page"}],"author":[{"embeddable":true,"href":"https:\/\/www.mamaisonroule.fr\/index.php\/wp-json\/wp\/v2\/users\/1"}],"replies":[{"embeddable":true,"href":"https:\/\/www.mamaisonroule.fr\/index.php\/wp-json\/wp\/v2\/comments?post=413"}],"version-history":[{"count":13,"href":"https:\/\/www.mamaisonroule.fr\/index.php\/wp-json\/wp\/v2\/pages\/413\/revisions"}],"predecessor-version":[{"id":996,"href":"https:\/\/www.mamaisonroule.fr\/index.php\/wp-json\/wp\/v2\/pages\/413\/revisions\/996"}],"wp:attachment":[{"href":"https:\/\/www.mamaisonroule.fr\/index.php\/wp-json\/wp\/v2\/media?parent=413"}],"curies":[{"name":"wp","href":"https:\/\/api.w.org\/{rel}","templated":true}]}}