{"id":560,"date":"2023-05-02T12:02:19","date_gmt":"2023-05-02T10:02:19","guid":{"rendered":"https:\/\/www.mamaisonroule.fr\/?page_id=560"},"modified":"2025-09-17T13:29:40","modified_gmt":"2025-09-17T11:29:40","slug":"technique-et-style-2","status":"publish","type":"page","link":"https:\/\/www.mamaisonroule.fr\/index.php\/technique-et-style-2\/","title":{"rendered":"Technique et style"},"content":{"rendered":"\n<h2 class=\"wp-block-heading\">Les \u00e9quipements techniques (electricit\u00e9, chauffage, plomberie) restent en retrait pour vous offrir un quotidien simple et confortable. Un agencement bien \u00e9tudi\u00e9, des couleurs, du vrai bois, de la lumi\u00e8re naturelle et un \u00e9clairage soign\u00e9&#8230; Vous aurez plaisir \u00e0 inviter vos proches dans votre cocon.<\/h2>\n\n\n\n<figure class=\"wp-block-image size-large is-resized\"><a href=\"https:\/\/www.mamaisonroule.fr\/index.php\/realisations\/\"><img loading=\"lazy\" decoding=\"async\" width=\"1024\" height=\"576\" src=\"https:\/\/www.mamaisonroule.fr\/wp-content\/uploads\/2024\/02\/IMG_20230828_165155-1024x576.jpg\" alt=\"\" class=\"wp-image-795\" style=\"width:660px\" srcset=\"https:\/\/www.mamaisonroule.fr\/wp-content\/uploads\/2024\/02\/IMG_20230828_165155-1024x576.jpg 1024w, https:\/\/www.mamaisonroule.fr\/wp-content\/uploads\/2024\/02\/IMG_20230828_165155-300x169.jpg 300w, https:\/\/www.mamaisonroule.fr\/wp-content\/uploads\/2024\/02\/IMG_20230828_165155-768x432.jpg 768w, https:\/\/www.mamaisonroule.fr\/wp-content\/uploads\/2024\/02\/IMG_20230828_165155-1536x864.jpg 1536w, https:\/\/www.mamaisonroule.fr\/wp-content\/uploads\/2024\/02\/IMG_20230828_165155-2048x1153.jpg 2048w\" sizes=\"auto, (max-width: 706px) 89vw, (max-width: 767px) 82vw, 740px\" \/><\/a><\/figure>\n","protected":false},"excerpt":{"rendered":"<p>Les \u00e9quipements techniques (electricit\u00e9, chauffage, plomberie) restent en retrait pour vous offrir un quotidien simple et confortable. Un agencement bien \u00e9tudi\u00e9, des couleurs, du vrai bois, de la lumi\u00e8re naturelle et un \u00e9clairage soign\u00e9&#8230; Vous aurez plaisir \u00e0 inviter vos proches dans votre cocon.<\/p>\n","protected":false},"author":1,"featured_media":0,"parent":0,"menu_order":0,"comment_status":"closed","ping_status":"closed","template":"","meta":{"footnotes":""},"class_list":["post-560","page","type-page","status-publish","hentry"],"_links":{"self":[{"href":"https:\/\/www.mamaisonroule.fr\/index.php\/wp-json\/wp\/v2\/pages\/560","targetHints":{"allow":["GET"]}}],"collection":[{"href":"https:\/\/www.mamaisonroule.fr\/index.php\/wp-json\/wp\/v2\/pages"}],"about":[{"href":"https:\/\/www.mamaisonroule.fr\/index.php\/wp-json\/wp\/v2\/types\/page"}],"author":[{"embeddable":true,"href":"https:\/\/www.mamaisonroule.fr\/index.php\/wp-json\/wp\/v2\/users\/1"}],"replies":[{"embeddable":true,"href":"https:\/\/www.mamaisonroule.fr\/index.php\/wp-json\/wp\/v2\/comments?post=560"}],"version-history":[{"count":6,"href":"https:\/\/www.mamaisonroule.fr\/index.php\/wp-json\/wp\/v2\/pages\/560\/revisions"}],"predecessor-version":[{"id":1000,"href":"https:\/\/www.mamaisonroule.fr\/index.php\/wp-json\/wp\/v2\/pages\/560\/revisions\/1000"}],"wp:attachment":[{"href":"https:\/\/www.mamaisonroule.fr\/index.php\/wp-json\/wp\/v2\/media?parent=560"}],"curies":[{"name":"wp","href":"https:\/\/api.w.org\/{rel}","templated":true}]}}