{"id":924,"date":"2025-01-23T09:38:43","date_gmt":"2025-01-23T08:38:43","guid":{"rendered":"https:\/\/www.mamaisonroule.fr\/?page_id=924"},"modified":"2025-09-25T16:50:04","modified_gmt":"2025-09-25T14:50:04","slug":"presse","status":"publish","type":"page","link":"https:\/\/www.mamaisonroule.fr\/index.php\/presse\/","title":{"rendered":"Presse"},"content":{"rendered":"\n<h3 class=\"wp-block-heading\">Le Carretou de la sant\u00e9 part sur les routes<br><div class=\"rl-gallery-container splide rl-loading\" id=\"rl-gallery-container-1\" data-gallery_id=\"928\"> <div class=\"rl-gallery rl-basicslider-gallery splide__track \" id=\"rl-gallery-1\" data-gallery_no=\"1\"> <ul class=\"splide__list\"> <li class=\"rl-gallery-item splide__slide\" data-thumb=\"https:\/\/www.mamaisonroule.fr\/wp-content\/uploads\/2025\/01\/carretou-centre-presse-scan-1-1024x718.png\"> <a href=\"https:\/\/www.mamaisonroule.fr\/wp-content\/uploads\/2025\/01\/carretou-centre-presse-scan-1-1024x718.png\" title=\"\" data-rl_title=\"\" class=\"rl-gallery-link\" data-rl_caption=\"\" data-rel=\"lightbox-gallery-1\"><img loading=\"lazy\" decoding=\"async\" src=\"https:\/\/www.mamaisonroule.fr\/wp-content\/uploads\/2025\/01\/carretou-centre-presse-scan-1-1024x718.png\" width=\"525\" height=\"368\" alt=\"\"\/><\/a> <\/li> <\/ul> <\/div> <\/div><\/h3>\n\n\n\n<h3 class=\"wp-block-heading\">Van life Mag s&rsquo;int\u00e9resse aux artisans am\u00e9nageurs<br><div class=\"rl-gallery-container splide rl-loading\" id=\"rl-gallery-container-2\" data-gallery_id=\"937\"> <div class=\"rl-gallery rl-basicslider-gallery splide__track \" id=\"rl-gallery-2\" data-gallery_no=\"2\"> <ul class=\"splide__list\"> <li class=\"rl-gallery-item splide__slide\" data-thumb=\"https:\/\/www.mamaisonroule.fr\/wp-content\/uploads\/2025\/01\/vanlifemag-01.jpg\"> <a href=\"https:\/\/www.mamaisonroule.fr\/wp-content\/uploads\/2025\/01\/vanlifemag-01.jpg\" title=\"\" data-rl_title=\"\" class=\"rl-gallery-link\" data-rl_caption=\"\" data-rel=\"lightbox-gallery-2\"><img loading=\"lazy\" decoding=\"async\" src=\"https:\/\/www.mamaisonroule.fr\/wp-content\/uploads\/2025\/01\/vanlifemag-01.jpg\" width=\"525\" height=\"466\" alt=\"\"\/><\/a> <\/li> <li class=\"rl-gallery-item splide__slide\" data-thumb=\"https:\/\/www.mamaisonroule.fr\/wp-content\/uploads\/2025\/01\/vanlifemag-02.jpg\"> <a href=\"https:\/\/www.mamaisonroule.fr\/wp-content\/uploads\/2025\/01\/vanlifemag-02.jpg\" title=\"\" data-rl_title=\"\" class=\"rl-gallery-link\" data-rl_caption=\"\" data-rel=\"lightbox-gallery-2\"><img loading=\"lazy\" decoding=\"async\" src=\"https:\/\/www.mamaisonroule.fr\/wp-content\/uploads\/2025\/01\/vanlifemag-02.jpg\" width=\"525\" height=\"464\" alt=\"\"\/><\/a> <\/li> <li class=\"rl-gallery-item splide__slide\" data-thumb=\"https:\/\/www.mamaisonroule.fr\/wp-content\/uploads\/2025\/01\/vanlifemag-03.jpg\"> <a href=\"https:\/\/www.mamaisonroule.fr\/wp-content\/uploads\/2025\/01\/vanlifemag-03.jpg\" title=\"\" data-rl_title=\"\" class=\"rl-gallery-link\" data-rl_caption=\"\" data-rel=\"lightbox-gallery-2\"><img loading=\"lazy\" decoding=\"async\" src=\"https:\/\/www.mamaisonroule.fr\/wp-content\/uploads\/2025\/01\/vanlifemag-03.jpg\" width=\"525\" height=\"464\" alt=\"\"\/><\/a> <\/li> <li class=\"rl-gallery-item splide__slide\" data-thumb=\"https:\/\/www.mamaisonroule.fr\/wp-content\/uploads\/2025\/01\/vanlifemag-04.jpg\"> <a href=\"https:\/\/www.mamaisonroule.fr\/wp-content\/uploads\/2025\/01\/vanlifemag-04.jpg\" title=\"\" data-rl_title=\"\" class=\"rl-gallery-link\" data-rl_caption=\"\" data-rel=\"lightbox-gallery-2\"><img loading=\"lazy\" decoding=\"async\" src=\"https:\/\/www.mamaisonroule.fr\/wp-content\/uploads\/2025\/01\/vanlifemag-04.jpg\" width=\"525\" height=\"465\" alt=\"\"\/><\/a> <\/li> <li class=\"rl-gallery-item splide__slide\" data-thumb=\"https:\/\/www.mamaisonroule.fr\/wp-content\/uploads\/2025\/01\/vanlifemag-05.jpg\"> <a href=\"https:\/\/www.mamaisonroule.fr\/wp-content\/uploads\/2025\/01\/vanlifemag-05.jpg\" title=\"\" data-rl_title=\"\" class=\"rl-gallery-link\" data-rl_caption=\"\" data-rel=\"lightbox-gallery-2\"><img loading=\"lazy\" decoding=\"async\" src=\"https:\/\/www.mamaisonroule.fr\/wp-content\/uploads\/2025\/01\/vanlifemag-05.jpg\" width=\"525\" height=\"418\" alt=\"\"\/><\/a> <\/li> <li class=\"rl-gallery-item splide__slide\" data-thumb=\"https:\/\/www.mamaisonroule.fr\/wp-content\/uploads\/2025\/01\/vanlifemag-06.jpg\"> <a href=\"https:\/\/www.mamaisonroule.fr\/wp-content\/uploads\/2025\/01\/vanlifemag-06.jpg\" title=\"\" data-rl_title=\"\" class=\"rl-gallery-link\" data-rl_caption=\"\" data-rel=\"lightbox-gallery-2\"><img loading=\"lazy\" decoding=\"async\" src=\"https:\/\/www.mamaisonroule.fr\/wp-content\/uploads\/2025\/01\/vanlifemag-06.jpg\" width=\"525\" height=\"465\" alt=\"\"\/><\/a> <\/li> <\/ul> <\/div> <\/div><\/h3>\n\n\n\n<h3 class=\"wp-block-heading\">Centre-Presse se tourne vers les artisans locaux<br><div class=\"rl-gallery-container splide rl-loading\" id=\"rl-gallery-container-3\" data-gallery_id=\"1012\"> <div class=\"rl-gallery rl-basicslider-gallery splide__track \" id=\"rl-gallery-3\" data-gallery_no=\"3\"> <ul class=\"splide__list\"> <li class=\"rl-gallery-item splide__slide\" data-thumb=\"https:\/\/www.mamaisonroule.fr\/wp-content\/uploads\/2025\/09\/Ma-Maison-Roule-Centre-presse-665x1024.png\"> <a href=\"https:\/\/www.mamaisonroule.fr\/wp-content\/uploads\/2025\/09\/Ma-Maison-Roule-Centre-presse-665x1024.png\" title=\"\" data-rl_title=\"\" class=\"rl-gallery-link\" data-rl_caption=\"\" data-rel=\"lightbox-gallery-3\"><img loading=\"lazy\" decoding=\"async\" src=\"https:\/\/www.mamaisonroule.fr\/wp-content\/uploads\/2025\/09\/Ma-Maison-Roule-Centre-presse-665x1024.png\" width=\"525\" height=\"808\" alt=\"article sur Ma Maison Roule dans le journal Centre-presse en 2025\"\/><\/a> <\/li> <\/ul> <\/div> <\/div><\/h3>\n\n\n\n<h3 class=\"wp-block-heading\">Le Villefranchois rencontre Ma Maison Roule<br><div class=\"rl-gallery-container splide rl-loading\" id=\"rl-gallery-container-4\" data-gallery_id=\"1006\"> <div class=\"rl-gallery rl-basicslider-gallery splide__track \" id=\"rl-gallery-4\" data-gallery_no=\"4\"> <ul class=\"splide__list\"> <li class=\"rl-gallery-item splide__slide\" data-thumb=\"https:\/\/www.mamaisonroule.fr\/wp-content\/uploads\/2025\/09\/Le-villefranchois-groupe-la-depeche-01-1-724x1024.jpg\"> <a href=\"https:\/\/www.mamaisonroule.fr\/wp-content\/uploads\/2025\/09\/Le-villefranchois-groupe-la-depeche-01-1-724x1024.jpg\" title=\"\" data-rl_title=\"\" class=\"rl-gallery-link\" data-rl_caption=\"\" data-rel=\"lightbox-gallery-4\"><img loading=\"lazy\" decoding=\"async\" src=\"https:\/\/www.mamaisonroule.fr\/wp-content\/uploads\/2025\/09\/Le-villefranchois-groupe-la-depeche-01-1-724x1024.jpg\" width=\"525\" height=\"743\" alt=\"article sur l&#039;entreprise Ma Maison Roule dans le journal Le Villefranchois - du groupe La D\u00e9p\u00eache - en 2025 - page 1\"\/><\/a> <\/li> <li class=\"rl-gallery-item splide__slide\" data-thumb=\"https:\/\/www.mamaisonroule.fr\/wp-content\/uploads\/2025\/09\/Le-villefranchois-groupe-la-depeche-02-724x1024.jpg\"> <a href=\"https:\/\/www.mamaisonroule.fr\/wp-content\/uploads\/2025\/09\/Le-villefranchois-groupe-la-depeche-02-724x1024.jpg\" title=\"\" data-rl_title=\"\" class=\"rl-gallery-link\" data-rl_caption=\"\" data-rel=\"lightbox-gallery-4\"><img loading=\"lazy\" decoding=\"async\" src=\"https:\/\/www.mamaisonroule.fr\/wp-content\/uploads\/2025\/09\/Le-villefranchois-groupe-la-depeche-02-724x1024.jpg\" width=\"525\" height=\"743\" alt=\"article sur l&#039;entreprise Ma Maison Roule dans le journal Le Villefranchois - du groupe La D\u00e9p\u00eache - page 2\"\/><\/a> <\/li> <li class=\"rl-gallery-item splide__slide\" data-thumb=\"https:\/\/www.mamaisonroule.fr\/wp-content\/uploads\/2025\/09\/Le-villefranchois-groupe-la-depeche-03-724x1024.jpg\"> <a href=\"https:\/\/www.mamaisonroule.fr\/wp-content\/uploads\/2025\/09\/Le-villefranchois-groupe-la-depeche-03-724x1024.jpg\" title=\"\" data-rl_title=\"\" class=\"rl-gallery-link\" data-rl_caption=\"\" data-rel=\"lightbox-gallery-4\"><img loading=\"lazy\" decoding=\"async\" src=\"https:\/\/www.mamaisonroule.fr\/wp-content\/uploads\/2025\/09\/Le-villefranchois-groupe-la-depeche-03-724x1024.jpg\" width=\"525\" height=\"743\" alt=\"article sur l&#039;entreprise Ma Maison Roule dans le journal Le Villefranchois - du groupe La D\u00e9p\u00eache - page 3\"\/><\/a> <\/li> <\/ul> <\/div> <\/div><\/h3>\n\n\n\n<p><\/p>\n","protected":false},"excerpt":{"rendered":"<p>Le Carretou de la sant\u00e9 part sur les routes Van life Mag s&rsquo;int\u00e9resse aux artisans am\u00e9nageurs Centre-Presse se tourne vers les artisans locaux Le Villefranchois rencontre Ma Maison Roule<\/p>\n","protected":false},"author":1,"featured_media":0,"parent":0,"menu_order":0,"comment_status":"closed","ping_status":"closed","template":"","meta":{"footnotes":""},"class_list":["post-924","page","type-page","status-publish","hentry"],"_links":{"self":[{"href":"https:\/\/www.mamaisonroule.fr\/index.php\/wp-json\/wp\/v2\/pages\/924","targetHints":{"allow":["GET"]}}],"collection":[{"href":"https:\/\/www.mamaisonroule.fr\/index.php\/wp-json\/wp\/v2\/pages"}],"about":[{"href":"https:\/\/www.mamaisonroule.fr\/index.php\/wp-json\/wp\/v2\/types\/page"}],"author":[{"embeddable":true,"href":"https:\/\/www.mamaisonroule.fr\/index.php\/wp-json\/wp\/v2\/users\/1"}],"replies":[{"embeddable":true,"href":"https:\/\/www.mamaisonroule.fr\/index.php\/wp-json\/wp\/v2\/comments?post=924"}],"version-history":[{"count":8,"href":"https:\/\/www.mamaisonroule.fr\/index.php\/wp-json\/wp\/v2\/pages\/924\/revisions"}],"predecessor-version":[{"id":1023,"href":"https:\/\/www.mamaisonroule.fr\/index.php\/wp-json\/wp\/v2\/pages\/924\/revisions\/1023"}],"wp:attachment":[{"href":"https:\/\/www.mamaisonroule.fr\/index.php\/wp-json\/wp\/v2\/media?parent=924"}],"curies":[{"name":"wp","href":"https:\/\/api.w.org\/{rel}","templated":true}]}}